{"id":1147,"date":"2018-11-27T10:05:55","date_gmt":"2018-11-27T09:05:55","guid":{"rendered":"http:\/\/portrait-foto-studio.de\/pfs_wp\/?page_id=1147"},"modified":"2023-01-17T14:33:54","modified_gmt":"2023-01-17T13:33:54","slug":"bewerbung","status":"publish","type":"page","link":"http:\/\/portrait-foto-studio.de\/pfs_wp\/?page_id=1147","title":{"rendered":"Bewerbung"},"content":{"rendered":"<p>[cl_row background_color=&#8220;#282832&#8243; background_image=&#8220;{&#8218;id&#8216;:&#8217;2522&#8242;,&#8217;mime&#8216;:&#8217;image%2Fjpeg&#8216;,&#8217;url&#8216;:&#8217;http%3A%2F%2Fportrait-foto-studio.de%2Fpfs_wp%2Fwp-content%2Fuploads%2F2019%2F02%2F6.jpg&#8216;}_-_json&#8220; background_position=&#8220;center center&#8220; background_size=&#8220;auto&#8220; overlay=&#8220;gradient&#8220; overlay_gradient=&#8220;frost&#8220; overlay_opacity=&#8220;0.2&#8243; fullheight=&#8220;1&#8243; extra_class=&#8220;entry_row&#8220;][cl_column width=&#8220;1\/2&#8243;][cl_custom_heading tag=&#8220;h1&#8243; typography=&#8220;custom_font&#8220; text_font_size=&#8220;55&#8243; text_color=&#8220;#ffffff&#8220;]<\/p>\n<p>BEWERBUNG<\/p>\n<p>[\/cl_custom_heading][cl_text custom_typography=&#8220;1&#8243; text_color=&#8220;#ffffff&#8220; text_font_size=&#8220;15&#8243;]<\/p>\n<p>Der Mensch ist visuell gepr\u00e4gt, daher ist das Bild einer Bewerbung\u00a0<span style=\"letter-spacing: 0px;\">entscheidend f\u00fcr den ersten Eindruck.<\/span><\/p>\n<p>Gerne k\u00f6nnen sie zum Shooting eine Auswahl an Kleidung und Accessoires \u00a0mitbringen.<\/p>\n<p>Nach dem Shooting suchen sie das beste Bild, bzw. mehrere Bilder aus, welches in der digitalen Bildbearbeitung noch optimiert wird.<\/p>\n<p>Meine Fotos vermitteln Seriosit\u00e4t und Sympathie, die entscheidende Eintrittskarte f\u00fcr ein Bewerbungsgespr\u00e4ch.<\/p>\n<p>[\/cl_text][\/cl_column][cl_column width=&#8220;1\/2&#8243;][cl_custom_code][\/cl_custom_code][\/cl_column][\/cl_row][cl_row row_id=&#8220;Scroll_Arrow&#8220; extra_class=&#8220;entry_row&#8220; css_style=&#8220;{&#8218;padding-top&#8216;:&#8217;0px&#8216;,&#8217;padding-bottom&#8216;:&#8217;0px&#8216;}_-_json&#8220; text_color=&#8220;light-text&#8220;][cl_column horizontal_align=&#8220;middle&#8220;][cl_custom_code]<a href=\"http:\/\/portrait-foto-studio.de\/pfs_wp\/?page_id=1147#Bewerbung\"><i class=\"fas fa-chevron-down fa-4x\"\"><\/i><\/a>[\/cl_custom_code][\/cl_column][\/cl_row][cl_row css_style=&#8220;{&#8218;padding-top&#8216;:&#8217;15px&#8216;,&#8217;padding-bottom&#8216;:&#8217;0px&#8216;}_-_json&#8220; row_id=&#8220;Bewerbung&#8220; extra_class=&#8220;entry_row&#8220;][cl_column css_style=&#8220;{&#8218;padding-top&#8216;:&#8217;0px&#8216;}_-_json&#8220;][cl_custom_heading]<\/p>\n<p>Bewerbung \u2013 Classic<\/p>\n<p>[\/cl_custom_heading][cl_gallery images=&#8220;__array__1584,1582,1579__array__end__&#8220; items_per_row=&#8220;3&#8243; css_style=&#8220;{&#8218;margin-top&#8216;:&#8217;10px&#8216;}_-_json&#8220;][cl_toggles css_style=&#8220;{&#8218;margin-top&#8216;:&#8217;0px&#8216;}_-_json&#8220;][cl_toggle title=&#8220;Mehr Bilder, Mehr Stile\u00a0\u276f<br \/>\n&#8222;][cl_gallery images=&#8220;__array__1583,1834,1559__array__end__&#8220;][\/cl_toggle][\/cl_toggles][\/cl_column][\/cl_row][cl_row css_style=&#8220;{&#8218;padding-top&#8216;:&#8217;0px&#8216;}_-_json&#8220;][cl_column width=&#8220;1\/3&#8243;][cl_custom_heading tag=&#8220;h5&#8243; typography=&#8220;h5&#8243;]<\/p>\n<p>BEWERBUNG<\/p>\n<p>[\/cl_custom_heading][cl_text css_style=&#8220;{&#8218;margin-top&#8216;:&#8217;10px&#8216;}_-_json&#8220;]<\/p>\n<p>Das Erste was ein neuer Arbeitgeber sieht, ist Ihr Foto. Daher ist es entscheidend f\u00fcr den ersten Eindruck hier positiv aufzufallen.<\/p>\n<p><span style=\"letter-spacing: 0px;\">Bewerbungsfotos geh\u00f6ren zu den rentabelsten Investitionen die man als Bewerber t\u00e4tigen kann.<\/span><\/p>\n<p>[\/cl_text][\/cl_column][cl_column width=&#8220;1\/3&#8243;][cl_custom_heading tag=&#8220;h5&#8243; typography=&#8220;h5&#8243;]<\/p>\n<p>SERVICE<\/p>\n<p>[\/cl_custom_heading][cl_text margin_paragraphs=&#8220;0&#8243; css_style=&#8220;{&#8218;margin-top&#8216;:&#8217;10px&#8216;}_-_json&#8220;]<\/p>\n<p style=\"margin-top: 0px; margin-bottom: 0px;\">Fotos vom Meisterfotografen<\/p>\n<p style=\"margin-top: 0px; margin-bottom: 0px;\">Outfit- und Hintergrundbespechung<\/p>\n<p style=\"margin-top: 0px; margin-bottom: 0px;\">Testbild f\u00fcr Kleidung und Hintergrund<\/p>\n<p style=\"margin-top: 0px; margin-bottom: 0px;\">Professionelles Shooting<\/p>\n<p style=\"margin-top: 0px; margin-bottom: 0px;\">Anschlie\u00dfende Bildauswahl<\/p>\n<p style=\"margin-top: 0px; margin-bottom: 0px;\">\n<p style=\"margin-top: 0px; margin-bottom: 0px;\">Inklusive Retusche: Haut, Haare etc.<\/p>\n<p style=\"margin-top: 0px; margin-bottom: 0px;\">Datei per Email oder Prints<\/p>\n<p style=\"margin-top: 0px; margin-bottom: 0px;\">Keine Gewerbliche Nutzung der Bilder<\/p>\n<p style=\"margin-top: 0px; margin-bottom: 0px;\">\n<p>[\/cl_text][\/cl_column][cl_column width=&#8220;1\/3&#8243;][cl_custom_heading tag=&#8220;h5&#8243; typography=&#8220;h5&#8243;]<\/p>\n<p>PREISE<\/p>\n<p>[\/cl_custom_heading][cl_row_inner css_style=&#8220;{&#8218;margin-top&#8216;:&#8217;0px&#8216;}_-_json&#8220;][cl_column_inner width=&#8220;1\/2&#8243;][cl_text margin_paragraphs=&#8220;0&#8243;]<\/p>\n<p>1 Bild als Datei<\/p>\n<p>[\/cl_text][\/cl_column_inner][cl_column_inner width=&#8220;1\/2&#8243;][cl_empty space=&#8220;5px&#8220;][cl_text margin_paragraphs=&#8220;0&#8243; custom_typography=&#8220;1&#8243; text_font_size=&#8220;34&#8243; css_style=&#8220;{&#8218;margin-top&#8216;:&#8217;0px&#8216;}_-_json&#8220;]<\/p>\n<p class=\"\" style=\"margin-top: 0px; margin-bottom: 0px;\">68,-\u00a0\u20ac<\/p>\n<p>[\/cl_text][\/cl_column_inner][\/cl_row_inner][cl_row_inner css_style=&#8220;{&#8218;margin-top&#8216;:&#8217;0px&#8216;}_-_json&#8220;][cl_column_inner width=&#8220;1\/2&#8243;][cl_text margin_paragraphs=&#8220;0&#8243;]<\/p>\n<p>Jede weitere Datei<\/p>\n<p>[\/cl_text][\/cl_column_inner][cl_column_inner width=&#8220;1\/2&#8243;][cl_text margin_paragraphs=&#8220;0&#8243; text_font_size=&#8220;34&#8243; css_style=&#8220;{&#8218;margin-top&#8216;:&#8217;0px&#8216;}_-_json&#8220;]<\/p>\n<p class=\"\" style=\"margin-top: 0px; margin-bottom: 0px;\">16,- Euro Bearbeitungsgeb\u00fchr<\/p>\n<p class=\"\" style=\"margin-top: 0px; margin-bottom: 0px;\">\u00a0 \u00a0[\/cl_text][\/cl_column_inner][\/cl_row_inner][cl_text css_style=&#8220;{&#8218;margin-top&#8216;:&#8217;15px&#8216;}_-_json&#8220;]<\/p>\n<p>Keine Sofortbilder<\/p>\n<p>[\/cl_text][\/cl_column][\/cl_row][cl_row css_style=&#8220;{&#8218;padding-top&#8216;:&#8217;0px&#8216;,&#8217;padding-bottom&#8216;:&#8217;0px&#8216;}_-_json&#8220; row_id=&#8220;Jugendlich&#8220;][cl_column][cl_custom_heading]<\/p>\n<p>Bewerbung &#8211; ScH\u00dcLER, Studenten, AuszubildenDe<\/p>\n<p>[\/cl_custom_heading][cl_gallery images=&#8220;__array__1565,1558,1544__array__end__&#8220; items_per_row=&#8220;3&#8243; css_style=&#8220;{&#8218;margin-top&#8216;:&#8217;10px&#8216;}_-_json&#8220;][\/cl_column][\/cl_row][cl_row css_style=&#8220;{&#8218;padding-top&#8216;:&#8217;0px&#8216;}_-_json&#8220;][cl_column width=&#8220;1\/3&#8243;][cl_custom_heading tag=&#8220;h5&#8243; typography=&#8220;h5&#8243;]<\/p>\n<p>JuNGENDLICHE BEWERBUNG<\/p>\n<p>[\/cl_custom_heading][cl_text css_style=&#8220;{&#8218;margin-top&#8216;:&#8217;10px&#8216;}_-_json&#8220;]<\/p>\n<p>Bei der Bewerbung auf eine Festanstellung oder auch auf Praktika oder Werkstudentent\u00e4tigkeiten in Konzernen ist ein professionelles Bewerbungsfoto unverzichtbar. Je h\u00f6her Gehalt und Ansehen der angestrebten Position, desto wichtiger sind hochwertige Bewerbungsbilder.<\/p>\n<p>[\/cl_text][\/cl_column][cl_column width=&#8220;1\/3&#8243;][cl_custom_heading tag=&#8220;h5&#8243; typography=&#8220;h5&#8243;]<\/p>\n<p>SERVICE<\/p>\n<p>[\/cl_custom_heading][cl_text margin_paragraphs=&#8220;0&#8243; css_style=&#8220;{&#8218;margin-top&#8216;:&#8217;10px&#8216;}_-_json&#8220;]<\/p>\n<p style=\"margin-top: 0px; margin-bottom: 0px;\">1 Outfit \/ 1 Hintergrund<\/p>\n<p style=\"margin-top: 0px; margin-bottom: 0px;\">\n<p style=\"margin-top: 0px; margin-bottom: 0px;\">Inklusive Retusche: Haut, Haare etc.<\/p>\n<p style=\"margin-top: 0px; margin-bottom: 0px;\">Datei per Email<\/p>\n<p style=\"margin-top: 0px; margin-bottom: 0px;\">Keine Gewerbliche Nutzung der Bilder<\/p>\n<p style=\"margin-top: 0px; margin-bottom: 0px;\">\n<p>[\/cl_text][\/cl_column][cl_column width=&#8220;1\/3&#8243;][cl_custom_heading tag=&#8220;h5&#8243; typography=&#8220;h5&#8243;]<\/p>\n<p>PREISE<\/p>\n<p>[\/cl_custom_heading][cl_row_inner css_style=&#8220;{&#8218;margin-top&#8216;:&#8217;0px&#8216;}_-_json&#8220;][cl_column_inner width=&#8220;1\/2&#8243;][cl_text margin_paragraphs=&#8220;0&#8243;]<\/p>\n<p>1 Bild als Datei<\/p>\n<p>[\/cl_text][\/cl_column_inner][cl_column_inner width=&#8220;1\/2&#8243;][cl_empty space=&#8220;5px&#8220;][cl_text margin_paragraphs=&#8220;0&#8243; custom_typography=&#8220;1&#8243; text_font_size=&#8220;34&#8243; css_style=&#8220;{&#8218;margin-top&#8216;:&#8217;0px&#8216;}_-_json&#8220;]<\/p>\n<p class=\"\" style=\"margin-top: 0px; margin-bottom: 0px;\">55,-\u00a0\u20ac<\/p>\n<p>[\/cl_text][\/cl_column_inner][\/cl_row_inner][cl_row_inner css_style=&#8220;{&#8218;margin-top&#8216;:&#8217;0px&#8216;}_-_json&#8220;][cl_column_inner width=&#8220;1\/2&#8243;][cl_text margin_paragraphs=&#8220;0&#8243;]<\/p>\n<p>Jede weitere Datei<\/p>\n<p>[\/cl_text][\/cl_column_inner][cl_column_inner width=&#8220;1\/2&#8243;][cl_text margin_paragraphs=&#8220;0&#8243; text_font_size=&#8220;34&#8243; css_style=&#8220;{&#8218;margin-top&#8216;:&#8217;0px&#8216;}_-_json&#8220;]<\/p>\n<p class=\"\" style=\"margin-top: 0px; margin-bottom: 0px;\">16,- Euro<\/p>\n<p>[\/cl_text][\/cl_column_inner][\/cl_row_inner][cl_text css_style=&#8220;{&#8218;margin-top&#8216;:&#8217;15px&#8216;}_-_json&#8220;]<\/p>\n<p>Keine Sofortbilder<\/p>\n<p>[\/cl_text][\/cl_column][\/cl_row][cl_row css_style=&#8220;{&#8218;padding-top&#8216;:&#8217;15px&#8216;,&#8217;padding-bottom&#8216;:&#8217;0px&#8216;}_-_json&#8220; row_id=&#8220;Buisness&#8220;][cl_column css_style=&#8220;{&#8218;padding-top&#8216;:&#8217;0px&#8216;}_-_json&#8220;][cl_custom_heading]<\/p>\n<p class=\"\">Business-Portraits<\/p>\n<p>[\/cl_custom_heading][cl_gallery images=&#8220;__array__1596,1582,893__array__end__&#8220; items_per_row=&#8220;3&#8243; css_style=&#8220;{&#8218;margin-top&#8216;:&#8217;10px&#8216;}_-_json&#8220;][\/cl_column][\/cl_row][cl_row css_style=&#8220;{&#8218;padding-top&#8216;:&#8217;15px&#8216;,&#8217;padding-bottom&#8216;:&#8217;0px&#8216;}_-_json&#8220; row_id=&#8220;Buisness&#8220;][cl_column css_style=&#8220;{&#8218;padding-top&#8216;:&#8217;0px&#8216;}_-_json&#8220;][cl_custom_heading]<\/p>\n<p class=\"\">\n<p>[\/cl_custom_heading][cl_gallery images=&#8220;__array__2561,2563,2559__array__end__&#8220; items_per_row=&#8220;3&#8243; css_style=&#8220;{&#8218;margin-top&#8216;:&#8217;10px&#8216;}_-_json&#8220;][\/cl_column][\/cl_row][cl_row css_style=&#8220;{&#8218;padding-top&#8216;:&#8217;0px&#8216;}_-_json&#8220;][cl_column width=&#8220;1\/3&#8243;][cl_custom_heading tag=&#8220;h5&#8243; typography=&#8220;h5&#8243;]<\/p>\n<p>BEWERBUNG<\/p>\n<p>[\/cl_custom_heading][cl_text css_style=&#8220;{&#8218;margin-top&#8216;:&#8217;10px&#8216;}_-_json&#8220;]<\/p>\n<p class=\"\">Ich erstelle hochwertige Businessportraits f\u00fcr Web- und Printmedien. Dazu geh\u00f6ren Kommunikationsszenen, die ich bei Bedarf inszeniere. Die Fotos k\u00f6nnen im Studio oder bei Ihnen vor Ort aufgenommen werden.<\/p>\n<p>[\/cl_text][\/cl_column][cl_column width=&#8220;1\/3&#8243;][cl_custom_heading tag=&#8220;h5&#8243; typography=&#8220;h5&#8243;]<\/p>\n<p>SERVICE<\/p>\n<p>[\/cl_custom_heading][cl_text margin_paragraphs=&#8220;0&#8243; css_style=&#8220;{&#8218;margin-top&#8216;:&#8217;10px&#8216;}_-_json&#8220;]<\/p>\n<p style=\"margin-top: 0px; margin-bottom: 0px;\">Fotos vom Meisterfotografen<\/p>\n<p style=\"margin-top: 0px; margin-bottom: 0px;\">Outfit- und Hintergrundbesprechung<\/p>\n<p style=\"margin-top: 0px; margin-bottom: 0px;\">Testbild f\u00fcr Kleidung und Hintergrund<\/p>\n<p style=\"margin-top: 0px; margin-bottom: 0px;\">Professionelles Shooting<\/p>\n<p style=\"margin-top: 0px; margin-bottom: 0px;\">Anschlie\u00dfende Bildauswahl<\/p>\n<p style=\"margin-top: 0px; margin-bottom: 0px;\">\n<p style=\"margin-top: 0px; margin-bottom: 0px;\">Inklusive Retusche: Haut, Haare etc.<\/p>\n<p class=\"\" style=\"margin-top: 0px; margin-bottom: 0px;\"><b>Inklusive Nutzungsrechte<\/b><\/p>\n<p class=\"\" style=\"margin-top: 0px; margin-bottom: 0px;\">auch f\u00fcr Xing, LinkedIn, Facebook und Co.<\/p>\n<p style=\"margin-top: 0px; margin-bottom: 0px;\">\n<p>[\/cl_text][\/cl_column][cl_column width=&#8220;1\/3&#8243;][cl_custom_heading tag=&#8220;h5&#8243; typography=&#8220;h5&#8243;]<\/p>\n<p>PREISE<\/p>\n<p>[\/cl_custom_heading][cl_row_inner css_style=&#8220;{&#8218;margin-top&#8216;:&#8217;0px&#8216;}_-_json&#8220;][cl_column_inner width=&#8220;1\/2&#8243;][cl_text margin_paragraphs=&#8220;0&#8243;]<\/p>\n<p>1 Bild als Datei<\/p>\n<p>[\/cl_text][\/cl_column_inner][cl_column_inner width=&#8220;1\/2&#8243;][cl_empty space=&#8220;5px&#8220;][cl_text margin_paragraphs=&#8220;0&#8243; custom_typography=&#8220;1&#8243; text_font_size=&#8220;34&#8243; css_style=&#8220;{&#8218;margin-top&#8216;:&#8217;0px&#8216;}_-_json&#8220;]<\/p>\n<p class=\"\" style=\"margin-top: 0px; margin-bottom: 0px;\">120,-\u00a0\u20ac<\/p>\n<p>[\/cl_text][\/cl_column_inner][\/cl_row_inner][cl_row_inner css_style=&#8220;{&#8218;margin-top&#8216;:&#8217;0px&#8216;}_-_json&#8220;][cl_column_inner width=&#8220;1\/2&#8243;][cl_text margin_paragraphs=&#8220;0&#8243;]<\/p>\n<p>Jede weitere Datei<\/p>\n<p>[\/cl_text][\/cl_column_inner][cl_column_inner width=&#8220;1\/2&#8243;][cl_text margin_paragraphs=&#8220;0&#8243; text_font_size=&#8220;34&#8243; css_style=&#8220;{&#8218;margin-top&#8216;:&#8217;0px&#8216;}_-_json&#8220;]<\/p>\n<p class=\"\" style=\"margin-top: 0px; margin-bottom: 0px;\">16,- Euro<\/p>\n<p>[\/cl_text][\/cl_column_inner][\/cl_row_inner][cl_text css_style=&#8220;{&#8218;margin-top&#8216;:&#8217;15px&#8216;}_-_json&#8220;]<\/p>\n<p>Keine Sofortbilder<\/p>\n<p>[\/cl_text][\/cl_column][\/cl_row][cl_row][cl_column][\/cl_column][\/cl_row]<\/p>\n","protected":false},"excerpt":{"rendered":"<p>[cl_row background_color=&#8220;#282832&#8243; background_image=&#8220;{&#8218;id&#8216;:&#8217;2522&#8242;,&#8217;mime&#8216;:&#8217;image%2Fjpeg&#8216;,&#8217;url&#8216;:&#8217;http%3A%2F%2Fportrait-foto-studio.de%2Fpfs_wp%2Fwp-content%2Fuploads%2F2019%2F02%2F6.jpg&#8216;}_-_json&#8220; background_position=&#8220;center center&#8220; background_size=&#8220;auto&#8220; overlay=&#8220;gradient&#8220; overlay_gradient=&#8220;frost&#8220; overlay_opacity=&#8220;0.2&#8243; fullheight=&#8220;1&#8243; extra_class=&#8220;entry_row&#8220;][cl_column width=&#8220;1\/2&#8243;][cl_custom_heading tag=&#8220;h1&#8243; typography=&#8220;custom_font&#8220; text_font_size=&#8220;55&#8243; text_color=&#8220;#ffffff&#8220;] BEWERBUNG [\/cl_custom_heading][cl_text custom_typography=&#8220;1&#8243; text_color=&#8220;#ffffff&#8220; text_font_size=&#8220;15&#8243;] Der Mensch ist visuell gepr\u00e4gt, daher ist das Bild einer Bewerbung\u00a0entscheidend f\u00fcr den ersten Eindruck. Gerne k\u00f6nnen sie zum Shooting eine Auswahl an Kleidung und Accessoires \u00a0mitbringen. Nach dem Shooting suchen sie das beste Bild, bzw. mehrere Bilder aus, welches in der digitalen Bildbearbeitung [&hellip;]<\/p>\n","protected":false},"author":1,"featured_media":0,"parent":0,"menu_order":0,"comment_status":"closed","ping_status":"closed","template":"","meta":{"footnotes":""},"_links":{"self":[{"href":"http:\/\/portrait-foto-studio.de\/pfs_wp\/index.php?rest_route=\/wp\/v2\/pages\/1147"}],"collection":[{"href":"http:\/\/portrait-foto-studio.de\/pfs_wp\/index.php?rest_route=\/wp\/v2\/pages"}],"about":[{"href":"http:\/\/portrait-foto-studio.de\/pfs_wp\/index.php?rest_route=\/wp\/v2\/types\/page"}],"author":[{"embeddable":true,"href":"http:\/\/portrait-foto-studio.de\/pfs_wp\/index.php?rest_route=\/wp\/v2\/users\/1"}],"replies":[{"embeddable":true,"href":"http:\/\/portrait-foto-studio.de\/pfs_wp\/index.php?rest_route=%2Fwp%2Fv2%2Fcomments&post=1147"}],"version-history":[{"count":48,"href":"http:\/\/portrait-foto-studio.de\/pfs_wp\/index.php?rest_route=\/wp\/v2\/pages\/1147\/revisions"}],"predecessor-version":[{"id":2657,"href":"http:\/\/portrait-foto-studio.de\/pfs_wp\/index.php?rest_route=\/wp\/v2\/pages\/1147\/revisions\/2657"}],"wp:attachment":[{"href":"http:\/\/portrait-foto-studio.de\/pfs_wp\/index.php?rest_route=%2Fwp%2Fv2%2Fmedia&parent=1147"}],"curies":[{"name":"wp","href":"https:\/\/api.w.org\/{rel}","templated":true}]}}