{"id":1158,"date":"2018-11-27T10:59:13","date_gmt":"2018-11-27T09:59:13","guid":{"rendered":"http:\/\/portrait-foto-studio.de\/pfs_wp\/?page_id=1158"},"modified":"2018-11-27T11:01:16","modified_gmt":"2018-11-27T10:01:16","slug":"video","status":"publish","type":"page","link":"http:\/\/portrait-foto-studio.de\/pfs_wp\/?page_id=1158","title":{"rendered":"Video"},"content":{"rendered":"<p>[cl_row background_color=&#8220;#000000&#8243; background_image=&#8220;{&#8218;id&#8216;:&#8217;873&#8242;,&#8217;mime&#8216;:&#8217;image%2Fjpeg&#8216;,&#8217;url&#8216;:&#8217;http%3A%2F%2Fportrait-foto-studio.de%2Fpfs_wp%2Fwp-content%2Fuploads%2F2018%2F11%2F252.jpg&#8216;}_-_json&#8220; background_position=&#8220;right bottom&#8220; background_size=&#8220;auto&#8220; background_attachment=&#8220;fixed&#8220; parallax=&#8220;1&#8243; overlay=&#8220;gradient&#8220; overlay_gradient=&#8220;mauve&#8220; overlay_opacity=&#8220;0.6&#8243; fullheight=&#8220;1&#8243;][cl_column width=&#8220;1\/2&#8243;][cl_custom_heading tag=&#8220;h1&#8243; typography=&#8220;custom_font&#8220; text_font_size=&#8220;55&#8243; text_color=&#8220;#ffffff&#8220;]<\/p>\n<p>Portraits<\/p>\n<p>[\/cl_custom_heading][cl_text custom_typography=&#8220;1&#8243; text_color=&#8220;#ffffff&#8220; text_font_size=&#8220;15&#8243;]<\/p>\n<p>M\u00f6chtest du auch einmal brilliante Fotos haben? Aussehen wie ein Model auf einem Cover, gestylt, oder ganz nat\u00fcrlich? Dann vereinbare einen Termin bei mir. Bringe ein bisschen Zeit mit. In einer halben Stunde sind keine tollen emotionalen Fotos m\u00f6glich.<\/p>\n<p>[\/cl_text][cl_text custom_typography=&#8220;1&#8243; text_color=&#8220;#ffffff&#8220; text_font_size=&#8220;15&#8243;]<\/p>\n<p>Ob nat\u00fcrliche Portraits, oder Beautyfotos mit Haar und Make Up, in unserem Fotostudio in L\u00f6rrach Stetten haben wir alles um dich ins rechte Licht zu r\u00fccken. Verschiedene Hintergr\u00fcnde, Lampen, und Accessoires.<\/p>\n<p>&nbsp;<\/p>\n<p>[\/cl_text][\/cl_column][cl_column width=&#8220;1\/2&#8243;][cl_gallery][\/cl_column][\/cl_row]<\/p>\n","protected":false},"excerpt":{"rendered":"<p>[cl_row background_color=&#8220;#000000&#8243; background_image=&#8220;{&#8218;id&#8216;:&#8217;873&#8242;,&#8217;mime&#8216;:&#8217;image%2Fjpeg&#8216;,&#8217;url&#8216;:&#8217;http%3A%2F%2Fportrait-foto-studio.de%2Fpfs_wp%2Fwp-content%2Fuploads%2F2018%2F11%2F252.jpg&#8216;}_-_json&#8220; background_position=&#8220;right bottom&#8220; background_size=&#8220;auto&#8220; background_attachment=&#8220;fixed&#8220; parallax=&#8220;1&#8243; overlay=&#8220;gradient&#8220; overlay_gradient=&#8220;mauve&#8220; overlay_opacity=&#8220;0.6&#8243; fullheight=&#8220;1&#8243;][cl_column width=&#8220;1\/2&#8243;][cl_custom_heading tag=&#8220;h1&#8243; typography=&#8220;custom_font&#8220; text_font_size=&#8220;55&#8243; text_color=&#8220;#ffffff&#8220;] Portraits [\/cl_custom_heading][cl_text custom_typography=&#8220;1&#8243; text_color=&#8220;#ffffff&#8220; text_font_size=&#8220;15&#8243;] M\u00f6chtest du auch einmal brilliante Fotos haben? Aussehen wie ein Model auf einem Cover, gestylt, oder ganz nat\u00fcrlich? Dann vereinbare einen Termin bei mir. Bringe ein bisschen Zeit mit. In einer halben Stunde sind keine tollen emotionalen Fotos m\u00f6glich. [\/cl_text][cl_text custom_typography=&#8220;1&#8243; text_color=&#8220;#ffffff&#8220; text_font_size=&#8220;15&#8243;] [&hellip;]<\/p>\n","protected":false},"author":1,"featured_media":0,"parent":0,"menu_order":0,"comment_status":"closed","ping_status":"closed","template":"","meta":{"footnotes":""},"_links":{"self":[{"href":"http:\/\/portrait-foto-studio.de\/pfs_wp\/index.php?rest_route=\/wp\/v2\/pages\/1158"}],"collection":[{"href":"http:\/\/portrait-foto-studio.de\/pfs_wp\/index.php?rest_route=\/wp\/v2\/pages"}],"about":[{"href":"http:\/\/portrait-foto-studio.de\/pfs_wp\/index.php?rest_route=\/wp\/v2\/types\/page"}],"author":[{"embeddable":true,"href":"http:\/\/portrait-foto-studio.de\/pfs_wp\/index.php?rest_route=\/wp\/v2\/users\/1"}],"replies":[{"embeddable":true,"href":"http:\/\/portrait-foto-studio.de\/pfs_wp\/index.php?rest_route=%2Fwp%2Fv2%2Fcomments&post=1158"}],"version-history":[{"count":1,"href":"http:\/\/portrait-foto-studio.de\/pfs_wp\/index.php?rest_route=\/wp\/v2\/pages\/1158\/revisions"}],"predecessor-version":[{"id":1159,"href":"http:\/\/portrait-foto-studio.de\/pfs_wp\/index.php?rest_route=\/wp\/v2\/pages\/1158\/revisions\/1159"}],"wp:attachment":[{"href":"http:\/\/portrait-foto-studio.de\/pfs_wp\/index.php?rest_route=%2Fwp%2Fv2%2Fmedia&parent=1158"}],"curies":[{"name":"wp","href":"https:\/\/api.w.org\/{rel}","templated":true}]}}